{"id":2,"date":"2024-07-23T15:47:19","date_gmt":"2024-07-23T15:47:19","guid":{"rendered":"http:\/\/sauba.local\/?page_id=2"},"modified":"2024-08-08T16:59:02","modified_gmt":"2024-08-08T16:59:02","slug":"terminos-de-uso","status":"publish","type":"page","link":"https:\/\/dovermedios.com\/es\/terminos-de-uso\/","title":{"rendered":"T\u00e9rminos de uso"},"content":{"rendered":"\t\t<div data-elementor-type=\"wp-page\" data-elementor-id=\"2\" class=\"elementor elementor-2\" data-elementor-post-type=\"page\">\n\t\t\t\t<div class=\"elementor-element elementor-element-1678ee8 e-flex e-con-boxed e-con e-parent\" data-id=\"1678ee8\" data-element_type=\"container\">\n\t\t\t\t\t<div class=\"e-con-inner\">\n\t\t<div class=\"elementor-element elementor-element-2b798b9 e-con-full e-flex e-con e-child\" data-id=\"2b798b9\" data-element_type=\"container\">\n\t\t\t\t<div class=\"elementor-element elementor-element-de98a7c elementor-widget elementor-widget-shortcode\" data-id=\"de98a7c\" data-element_type=\"widget\" data-widget_type=\"shortcode.default\">\n\t\t\t\t<div class=\"elementor-widget-container\">\n\t\t\t\t\t<div class=\"elementor-shortcode\"><a class=\"breadcumbs-dover\" href=\"https:\/\/dovermedios.com\/es\">Home<\/a> > <\/div>\n\t\t\t\t<\/div>\n\t\t\t\t<\/div>\n\t\t\t\t<div class=\"elementor-element elementor-element-129c11c elementor-widget elementor-widget-heading\" data-id=\"129c11c\" data-element_type=\"widget\" data-widget_type=\"heading.default\">\n\t\t\t\t<div class=\"elementor-widget-container\">\n\t\t\t<h2 class=\"elementor-heading-title elementor-size-default\">T\u00e9rminos de uso<\/h2>\t\t<\/div>\n\t\t\t\t<\/div>\n\t\t<div class=\"elementor-element elementor-element-b154caf e-con-full e-flex e-con e-child\" data-id=\"b154caf\" data-element_type=\"container\" data-settings=\"{&quot;background_background&quot;:&quot;classic&quot;}\">\n\t\t\t\t<div class=\"elementor-element elementor-element-2ad4b11 elementor-widget elementor-widget-heading\" data-id=\"2ad4b11\" data-element_type=\"widget\" data-widget_type=\"heading.default\">\n\t\t\t\t<div class=\"elementor-widget-container\">\n\t\t\t<h2 class=\"elementor-heading-title elementor-size-default\">Condiciones de uso del sitio web<\/h2>\t\t<\/div>\n\t\t\t\t<\/div>\n\t\t\t\t<div class=\"elementor-element elementor-element-264f3db elementor-widget elementor-widget-text-editor\" data-id=\"264f3db\" data-element_type=\"widget\" data-widget_type=\"text-editor.default\">\n\t\t\t\t<div class=\"elementor-widget-container\">\n\t\t\t\t\t\t\t<p>Bienvenido a nuestro sitio web. Si contin\u00faa navegando y utilizando este sitio web, usted acepta cumplir y estar obligado por los siguientes t\u00e9rminos y condiciones de uso, que junto con nuestra pol\u00edtica de privacidad rigen la relaci\u00f3n de Dover con usted en relaci\u00f3n con este sitio web. Si no est\u00e1 de acuerdo con alguna parte de estas condiciones, le rogamos que no utilice nuestro sitio web.<\/p>\t\t\t\t\t\t<\/div>\n\t\t\t\t<\/div>\n\t\t\t\t<\/div>\n\t\t\t\t<div class=\"elementor-element elementor-element-19d3a49 elementor-widget-divider--view-line elementor-widget elementor-widget-divider\" data-id=\"19d3a49\" data-element_type=\"widget\" data-widget_type=\"divider.default\">\n\t\t\t\t<div class=\"elementor-widget-container\">\n\t\t\t\t\t<div class=\"elementor-divider\">\n\t\t\t<span class=\"elementor-divider-separator\">\n\t\t\t\t\t\t<\/span>\n\t\t<\/div>\n\t\t\t\t<\/div>\n\t\t\t\t<\/div>\n\t\t<div class=\"elementor-element elementor-element-88948de e-con-full e-flex e-con e-child\" data-id=\"88948de\" data-element_type=\"container\">\n\t\t\t\t<div class=\"elementor-element elementor-element-2bced3b elementor-widget elementor-widget-text-editor\" data-id=\"2bced3b\" data-element_type=\"widget\" data-widget_type=\"text-editor.default\">\n\t\t\t\t<div class=\"elementor-widget-container\">\n\t\t\t\t\t\t\t<p>El t\u00e9rmino Dover o &#8220;nosotros&#8221; se refiere al propietario del sitio web, cuyo domicilio social est\u00e1 en 145 St Vincent Street Glasgow, G2 5JF. Nuestro n\u00famero de registro de empresa es SC663205, registrado en Escocia.<\/p>\n<p>El t\u00e9rmino &#8220;usted&#8221; se refiere al usuario o visitante de nuestro sitio web. El uso de este sitio web est\u00e1 sujeto a las siguientes condiciones de uso:<\/p>\n<ul>\n<li>El contenido de las p\u00e1ginas de este sitio web es \u00fanicamente para su informaci\u00f3n y uso generales. Est\u00e1 sujeto a cambios sin previo aviso.<br><br><\/li>\n<li>Este sitio web utiliza cookies para rastrear las preferencias de navegaci\u00f3n.<br><br><\/li>\n<li>Ni nosotros ni terceros proporcionamos garant\u00eda alguna en cuanto a la exactitud, puntualidad, rendimiento, integridad o idoneidad de la informaci\u00f3n y los materiales encontrados u ofrecidos en este sitio web para cualquier fin concreto. Usted reconoce que dicha informaci\u00f3n y materiales pueden contener inexactitudes o errores y nosotros excluimos expresamente toda responsabilidad por tales inexactitudes o errores en la m\u00e1xima medida permitida por la ley.<br><br><\/li>\n<li>El uso que usted haga de cualquier informaci\u00f3n o material de este sitio corre enteramente por su cuenta y riesgo, y nosotros no seremos responsables de ello. Ser\u00e1 su responsabilidad asegurarse de que cualquier producto, servicio o informaci\u00f3n disponible a trav\u00e9s de este sitio satisface sus necesidades espec\u00edficas.<br><br><\/li>\n<li>Este sitio web contiene material que nos pertenece o para el que tenemos licencia. Este material incluye, entre otros, el dise\u00f1o, la maquetaci\u00f3n, la apariencia y los gr\u00e1ficos. Queda prohibida su reproducci\u00f3n, salvo de conformidad con el aviso de derechos de autor, que forma parte de las presentes condiciones.<br><br><\/li>\n<li>Todas las marcas reproducidas en este sitio, que no son propiedad del operador ni se le han concedido licencias, est\u00e1n reconocidas en el sitio.<br><br><\/li>\n<li>El uso no autorizado de este sitio web puede dar lugar a una reclamaci\u00f3n por da\u00f1os y perjuicios y\/o considerarse un delito.<br><br><\/li>\n<li>De vez en cuando, este sitio web puede incluir enlaces a otros sitios web. Estos enlaces se facilitan para su comodidad con el fin de proporcionarle informaci\u00f3n adicional. No significan que apoyemos el sitio o sitios. No nos hacemos responsables del contenido de los sitios enlazados.<br><br><\/li>\n<li>El uso que usted haga de este sitio web y cualquier litigio derivado de dicho uso est\u00e1n sujetos a las leyes de Inglaterra, Irlanda del Norte, Escocia y Gales.<\/li>\n<\/ul>\t\t\t\t\t\t<\/div>\n\t\t\t\t<\/div>\n\t\t\t\t<\/div>\n\t\t\t\t<\/div>\n\t\t\t\t\t<\/div>\n\t\t\t\t<\/div>\n\t\t\t\t<\/div>\n\t\t","protected":false},"excerpt":{"rendered":"<p>T\u00e9rminos de uso Condiciones de uso del sitio web Bienvenido a nuestro sitio web. Si contin\u00faa navegando y utilizando este sitio web, usted acepta cumplir y estar obligado por los siguientes t\u00e9rminos y condiciones de uso, que junto con nuestra pol\u00edtica de privacidad rigen la relaci\u00f3n de Dover con usted en relaci\u00f3n con este sitio [&hellip;]<\/p>\n","protected":false},"author":1,"featured_media":0,"parent":0,"menu_order":0,"comment_status":"closed","ping_status":"closed","template":"","meta":{"footnotes":""},"class_list":["post-2","page","type-page","status-publish","hentry"],"yoast_head":"<!-- This site is optimized with the Yoast SEO plugin v23.9 - https:\/\/yoast.com\/wordpress\/plugins\/seo\/ -->\n<title>T\u00e9rminos de uso - Dover<\/title>\n<meta name=\"robots\" content=\"index, follow, max-snippet:-1, max-image-preview:large, max-video-preview:-1\" \/>\n<link rel=\"canonical\" href=\"https:\/\/dovermedios.com\/es\/terminos-de-uso\/\" \/>\n<meta property=\"og:locale\" content=\"es_MX\" \/>\n<meta property=\"og:type\" content=\"article\" \/>\n<meta property=\"og:title\" content=\"T\u00e9rminos de uso - Dover\" \/>\n<meta property=\"og:description\" content=\"T\u00e9rminos de uso Condiciones de uso del sitio web Bienvenido a nuestro sitio web. Si contin\u00faa navegando y utilizando este sitio web, usted acepta cumplir y estar obligado por los siguientes t\u00e9rminos y condiciones de uso, que junto con nuestra pol\u00edtica de privacidad rigen la relaci\u00f3n de Dover con usted en relaci\u00f3n con este sitio [&hellip;]\" \/>\n<meta property=\"og:url\" content=\"https:\/\/dovermedios.com\/es\/terminos-de-uso\/\" \/>\n<meta property=\"og:site_name\" content=\"Dover\" \/>\n<meta property=\"article:modified_time\" content=\"2024-08-08T16:59:02+00:00\" \/>\n<meta name=\"twitter:card\" content=\"summary_large_image\" \/>\n<meta name=\"twitter:label1\" content=\"Tiempo de lectura\" \/>\n\t<meta name=\"twitter:data1\" content=\"2 minutos\" \/>\n<script type=\"application\/ld+json\" class=\"yoast-schema-graph\">{\"@context\":\"https:\/\/schema.org\",\"@graph\":[{\"@type\":\"WebPage\",\"@id\":\"https:\/\/dovermedios.com\/es\/terminos-de-uso\/\",\"url\":\"https:\/\/dovermedios.com\/es\/terminos-de-uso\/\",\"name\":\"T\u00e9rminos de uso - Dover\",\"isPartOf\":{\"@id\":\"https:\/\/dovermedios.com\/es\/#website\"},\"datePublished\":\"2024-07-23T15:47:19+00:00\",\"dateModified\":\"2024-08-08T16:59:02+00:00\",\"breadcrumb\":{\"@id\":\"https:\/\/dovermedios.com\/es\/terminos-de-uso\/#breadcrumb\"},\"inLanguage\":\"es\",\"potentialAction\":[{\"@type\":\"ReadAction\",\"target\":[\"https:\/\/dovermedios.com\/es\/terminos-de-uso\/\"]}]},{\"@type\":\"BreadcrumbList\",\"@id\":\"https:\/\/dovermedios.com\/es\/terminos-de-uso\/#breadcrumb\",\"itemListElement\":[{\"@type\":\"ListItem\",\"position\":1,\"name\":\"Inicio\",\"item\":\"https:\/\/dovermedios.com\/es\/\"},{\"@type\":\"ListItem\",\"position\":2,\"name\":\"T\u00e9rminos de uso\"}]},{\"@type\":\"WebSite\",\"@id\":\"https:\/\/dovermedios.com\/es\/#website\",\"url\":\"https:\/\/dovermedios.com\/es\/\",\"name\":\"Dover\",\"description\":\"Dover Medios\",\"publisher\":{\"@id\":\"https:\/\/dovermedios.com\/es\/#organization\"},\"potentialAction\":[{\"@type\":\"SearchAction\",\"target\":{\"@type\":\"EntryPoint\",\"urlTemplate\":\"https:\/\/dovermedios.com\/es\/?s={search_term_string}\"},\"query-input\":{\"@type\":\"PropertyValueSpecification\",\"valueRequired\":true,\"valueName\":\"search_term_string\"}}],\"inLanguage\":\"es\"},{\"@type\":\"Organization\",\"@id\":\"https:\/\/dovermedios.com\/es\/#organization\",\"name\":\"Dover\",\"url\":\"https:\/\/dovermedios.com\/es\/\",\"logo\":{\"@type\":\"ImageObject\",\"inLanguage\":\"es\",\"@id\":\"https:\/\/dovermedios.com\/es\/#\/schema\/logo\/image\/\",\"url\":\"\",\"contentUrl\":\"\",\"caption\":\"Dover\"},\"image\":{\"@id\":\"https:\/\/dovermedios.com\/es\/#\/schema\/logo\/image\/\"}}]}<\/script>\n<!-- \/ Yoast SEO plugin. -->","yoast_head_json":{"title":"T\u00e9rminos de uso - Dover","robots":{"index":"index","follow":"follow","max-snippet":"max-snippet:-1","max-image-preview":"max-image-preview:large","max-video-preview":"max-video-preview:-1"},"canonical":"https:\/\/dovermedios.com\/es\/terminos-de-uso\/","og_locale":"es_MX","og_type":"article","og_title":"T\u00e9rminos de uso - Dover","og_description":"T\u00e9rminos de uso Condiciones de uso del sitio web Bienvenido a nuestro sitio web. Si contin\u00faa navegando y utilizando este sitio web, usted acepta cumplir y estar obligado por los siguientes t\u00e9rminos y condiciones de uso, que junto con nuestra pol\u00edtica de privacidad rigen la relaci\u00f3n de Dover con usted en relaci\u00f3n con este sitio [&hellip;]","og_url":"https:\/\/dovermedios.com\/es\/terminos-de-uso\/","og_site_name":"Dover","article_modified_time":"2024-08-08T16:59:02+00:00","twitter_card":"summary_large_image","twitter_misc":{"Tiempo de lectura":"2 minutos"},"schema":{"@context":"https:\/\/schema.org","@graph":[{"@type":"WebPage","@id":"https:\/\/dovermedios.com\/es\/terminos-de-uso\/","url":"https:\/\/dovermedios.com\/es\/terminos-de-uso\/","name":"T\u00e9rminos de uso - Dover","isPartOf":{"@id":"https:\/\/dovermedios.com\/es\/#website"},"datePublished":"2024-07-23T15:47:19+00:00","dateModified":"2024-08-08T16:59:02+00:00","breadcrumb":{"@id":"https:\/\/dovermedios.com\/es\/terminos-de-uso\/#breadcrumb"},"inLanguage":"es","potentialAction":[{"@type":"ReadAction","target":["https:\/\/dovermedios.com\/es\/terminos-de-uso\/"]}]},{"@type":"BreadcrumbList","@id":"https:\/\/dovermedios.com\/es\/terminos-de-uso\/#breadcrumb","itemListElement":[{"@type":"ListItem","position":1,"name":"Inicio","item":"https:\/\/dovermedios.com\/es\/"},{"@type":"ListItem","position":2,"name":"T\u00e9rminos de uso"}]},{"@type":"WebSite","@id":"https:\/\/dovermedios.com\/es\/#website","url":"https:\/\/dovermedios.com\/es\/","name":"Dover","description":"Dover Medios","publisher":{"@id":"https:\/\/dovermedios.com\/es\/#organization"},"potentialAction":[{"@type":"SearchAction","target":{"@type":"EntryPoint","urlTemplate":"https:\/\/dovermedios.com\/es\/?s={search_term_string}"},"query-input":{"@type":"PropertyValueSpecification","valueRequired":true,"valueName":"search_term_string"}}],"inLanguage":"es"},{"@type":"Organization","@id":"https:\/\/dovermedios.com\/es\/#organization","name":"Dover","url":"https:\/\/dovermedios.com\/es\/","logo":{"@type":"ImageObject","inLanguage":"es","@id":"https:\/\/dovermedios.com\/es\/#\/schema\/logo\/image\/","url":"","contentUrl":"","caption":"Dover"},"image":{"@id":"https:\/\/dovermedios.com\/es\/#\/schema\/logo\/image\/"}}]}},"_links":{"self":[{"href":"https:\/\/dovermedios.com\/es\/wp-json\/wp\/v2\/pages\/2"}],"collection":[{"href":"https:\/\/dovermedios.com\/es\/wp-json\/wp\/v2\/pages"}],"about":[{"href":"https:\/\/dovermedios.com\/es\/wp-json\/wp\/v2\/types\/page"}],"author":[{"embeddable":true,"href":"https:\/\/dovermedios.com\/es\/wp-json\/wp\/v2\/users\/1"}],"replies":[{"embeddable":true,"href":"https:\/\/dovermedios.com\/es\/wp-json\/wp\/v2\/comments?post=2"}],"version-history":[{"count":8,"href":"https:\/\/dovermedios.com\/es\/wp-json\/wp\/v2\/pages\/2\/revisions"}],"predecessor-version":[{"id":1325,"href":"https:\/\/dovermedios.com\/es\/wp-json\/wp\/v2\/pages\/2\/revisions\/1325"}],"wp:attachment":[{"href":"https:\/\/dovermedios.com\/es\/wp-json\/wp\/v2\/media?parent=2"}],"curies":[{"name":"wp","href":"https:\/\/api.w.org\/{rel}","templated":true}]}}