{"id":2,"date":"2024-07-23T15:47:19","date_gmt":"2024-07-23T15:47:19","guid":{"rendered":"http:\/\/sauba.local\/?page_id=2"},"modified":"2024-08-02T04:40:57","modified_gmt":"2024-08-02T04:40:57","slug":"termos-de-servico","status":"publish","type":"page","link":"https:\/\/dovermedios.com\/pt\/termos-de-servico\/","title":{"rendered":"Termos de servi\u00e7o"},"content":{"rendered":"\t\t<div data-elementor-type=\"wp-page\" data-elementor-id=\"2\" class=\"elementor elementor-2\" data-elementor-post-type=\"page\">\n\t\t\t\t<div class=\"elementor-element elementor-element-1678ee8 e-flex e-con-boxed e-con e-parent\" data-id=\"1678ee8\" data-element_type=\"container\">\n\t\t\t\t\t<div class=\"e-con-inner\">\n\t\t<div class=\"elementor-element elementor-element-2b798b9 e-con-full e-flex e-con e-child\" data-id=\"2b798b9\" data-element_type=\"container\">\n\t\t\t\t<div class=\"elementor-element elementor-element-de98a7c elementor-widget elementor-widget-shortcode\" data-id=\"de98a7c\" data-element_type=\"widget\" data-widget_type=\"shortcode.default\">\n\t\t\t\t<div class=\"elementor-widget-container\">\n\t\t\t\t\t<div class=\"elementor-shortcode\"><a class=\"breadcumbs-dover\" href=\"https:\/\/dovermedios.com\/pt\">Home<\/a> > <\/div>\n\t\t\t\t<\/div>\n\t\t\t\t<\/div>\n\t\t\t\t<div class=\"elementor-element elementor-element-129c11c elementor-widget elementor-widget-heading\" data-id=\"129c11c\" data-element_type=\"widget\" data-widget_type=\"heading.default\">\n\t\t\t\t<div class=\"elementor-widget-container\">\n\t\t\t<style>\/*! elementor - v3.23.0 - 05-08-2024 *\/\n.elementor-heading-title{padding:0;margin:0;line-height:1}.elementor-widget-heading .elementor-heading-title[class*=elementor-size-]>a{color:inherit;font-size:inherit;line-height:inherit}.elementor-widget-heading .elementor-heading-title.elementor-size-small{font-size:15px}.elementor-widget-heading .elementor-heading-title.elementor-size-medium{font-size:19px}.elementor-widget-heading .elementor-heading-title.elementor-size-large{font-size:29px}.elementor-widget-heading .elementor-heading-title.elementor-size-xl{font-size:39px}.elementor-widget-heading .elementor-heading-title.elementor-size-xxl{font-size:59px}<\/style><h2 class=\"elementor-heading-title elementor-size-default\">termos de servi\u00e7o<\/h2>\t\t<\/div>\n\t\t\t\t<\/div>\n\t\t<div class=\"elementor-element elementor-element-b154caf e-con-full e-flex e-con e-child\" data-id=\"b154caf\" data-element_type=\"container\" data-settings=\"{&quot;background_background&quot;:&quot;classic&quot;}\">\n\t\t\t\t<div class=\"elementor-element elementor-element-2ad4b11 elementor-widget elementor-widget-heading\" data-id=\"2ad4b11\" data-element_type=\"widget\" data-widget_type=\"heading.default\">\n\t\t\t\t<div class=\"elementor-widget-container\">\n\t\t\t<h2 class=\"elementor-heading-title elementor-size-default\">Termos e Condi\u00e7\u00f5es de Uso do Site<\/h2>\t\t<\/div>\n\t\t\t\t<\/div>\n\t\t\t\t<div class=\"elementor-element elementor-element-264f3db elementor-widget elementor-widget-text-editor\" data-id=\"264f3db\" data-element_type=\"widget\" data-widget_type=\"text-editor.default\">\n\t\t\t\t<div class=\"elementor-widget-container\">\n\t\t\t<style>\/*! elementor - v3.23.0 - 05-08-2024 *\/\n.elementor-widget-text-editor.elementor-drop-cap-view-stacked .elementor-drop-cap{background-color:#69727d;color:#fff}.elementor-widget-text-editor.elementor-drop-cap-view-framed .elementor-drop-cap{color:#69727d;border:3px solid;background-color:transparent}.elementor-widget-text-editor:not(.elementor-drop-cap-view-default) .elementor-drop-cap{margin-top:8px}.elementor-widget-text-editor:not(.elementor-drop-cap-view-default) .elementor-drop-cap-letter{width:1em;height:1em}.elementor-widget-text-editor .elementor-drop-cap{float:left;text-align:center;line-height:1;font-size:50px}.elementor-widget-text-editor .elementor-drop-cap-letter{display:inline-block}<\/style>\t\t\t\t<p>Bem-vindo ao nosso site. Se voc\u00ea continuar a navegar e usar este site, estar\u00e1 concordando em cumprir e estar vinculado aos seguintes termos e condi\u00e7\u00f5es de uso, que juntamente com nossa pol\u00edtica de privacidade regem a rela\u00e7\u00e3o da Dover com voc\u00ea em rela\u00e7\u00e3o a este site. Se voc\u00ea discordar de qualquer parte destes termos e condi\u00e7\u00f5es, por favor, n\u00e3o use nosso site.<\/p>\t\t\t\t\t\t<\/div>\n\t\t\t\t<\/div>\n\t\t\t\t<\/div>\n\t\t\t\t<div class=\"elementor-element elementor-element-19d3a49 elementor-widget-divider--view-line elementor-widget elementor-widget-divider\" data-id=\"19d3a49\" data-element_type=\"widget\" data-widget_type=\"divider.default\">\n\t\t\t\t<div class=\"elementor-widget-container\">\n\t\t\t<style>\/*! elementor - v3.23.0 - 05-08-2024 *\/\n.elementor-widget-divider{--divider-border-style:none;--divider-border-width:1px;--divider-color:#0c0d0e;--divider-icon-size:20px;--divider-element-spacing:10px;--divider-pattern-height:24px;--divider-pattern-size:20px;--divider-pattern-url:none;--divider-pattern-repeat:repeat-x}.elementor-widget-divider .elementor-divider{display:flex}.elementor-widget-divider .elementor-divider__text{font-size:15px;line-height:1;max-width:95%}.elementor-widget-divider .elementor-divider__element{margin:0 var(--divider-element-spacing);flex-shrink:0}.elementor-widget-divider .elementor-icon{font-size:var(--divider-icon-size)}.elementor-widget-divider .elementor-divider-separator{display:flex;margin:0;direction:ltr}.elementor-widget-divider--view-line_icon .elementor-divider-separator,.elementor-widget-divider--view-line_text .elementor-divider-separator{align-items:center}.elementor-widget-divider--view-line_icon .elementor-divider-separator:after,.elementor-widget-divider--view-line_icon .elementor-divider-separator:before,.elementor-widget-divider--view-line_text .elementor-divider-separator:after,.elementor-widget-divider--view-line_text .elementor-divider-separator:before{display:block;content:\"\";border-block-end:0;flex-grow:1;border-block-start:var(--divider-border-width) var(--divider-border-style) var(--divider-color)}.elementor-widget-divider--element-align-left .elementor-divider .elementor-divider-separator>.elementor-divider__svg:first-of-type{flex-grow:0;flex-shrink:100}.elementor-widget-divider--element-align-left .elementor-divider-separator:before{content:none}.elementor-widget-divider--element-align-left .elementor-divider__element{margin-left:0}.elementor-widget-divider--element-align-right .elementor-divider .elementor-divider-separator>.elementor-divider__svg:last-of-type{flex-grow:0;flex-shrink:100}.elementor-widget-divider--element-align-right .elementor-divider-separator:after{content:none}.elementor-widget-divider--element-align-right .elementor-divider__element{margin-right:0}.elementor-widget-divider--element-align-start .elementor-divider .elementor-divider-separator>.elementor-divider__svg:first-of-type{flex-grow:0;flex-shrink:100}.elementor-widget-divider--element-align-start .elementor-divider-separator:before{content:none}.elementor-widget-divider--element-align-start .elementor-divider__element{margin-inline-start:0}.elementor-widget-divider--element-align-end .elementor-divider .elementor-divider-separator>.elementor-divider__svg:last-of-type{flex-grow:0;flex-shrink:100}.elementor-widget-divider--element-align-end .elementor-divider-separator:after{content:none}.elementor-widget-divider--element-align-end .elementor-divider__element{margin-inline-end:0}.elementor-widget-divider:not(.elementor-widget-divider--view-line_text):not(.elementor-widget-divider--view-line_icon) .elementor-divider-separator{border-block-start:var(--divider-border-width) var(--divider-border-style) var(--divider-color)}.elementor-widget-divider--separator-type-pattern{--divider-border-style:none}.elementor-widget-divider--separator-type-pattern.elementor-widget-divider--view-line .elementor-divider-separator,.elementor-widget-divider--separator-type-pattern:not(.elementor-widget-divider--view-line) .elementor-divider-separator:after,.elementor-widget-divider--separator-type-pattern:not(.elementor-widget-divider--view-line) .elementor-divider-separator:before,.elementor-widget-divider--separator-type-pattern:not([class*=elementor-widget-divider--view]) .elementor-divider-separator{width:100%;min-height:var(--divider-pattern-height);-webkit-mask-size:var(--divider-pattern-size) 100%;mask-size:var(--divider-pattern-size) 100%;-webkit-mask-repeat:var(--divider-pattern-repeat);mask-repeat:var(--divider-pattern-repeat);background-color:var(--divider-color);-webkit-mask-image:var(--divider-pattern-url);mask-image:var(--divider-pattern-url)}.elementor-widget-divider--no-spacing{--divider-pattern-size:auto}.elementor-widget-divider--bg-round{--divider-pattern-repeat:round}.rtl .elementor-widget-divider .elementor-divider__text{direction:rtl}.e-con-inner>.elementor-widget-divider,.e-con>.elementor-widget-divider{width:var(--container-widget-width,100%);--flex-grow:var(--container-widget-flex-grow)}<\/style>\t\t<div class=\"elementor-divider\">\n\t\t\t<span class=\"elementor-divider-separator\">\n\t\t\t\t\t\t<\/span>\n\t\t<\/div>\n\t\t\t\t<\/div>\n\t\t\t\t<\/div>\n\t\t<div class=\"elementor-element elementor-element-88948de e-con-full e-flex e-con e-child\" data-id=\"88948de\" data-element_type=\"container\">\n\t\t\t\t<div class=\"elementor-element elementor-element-2bced3b elementor-widget elementor-widget-text-editor\" data-id=\"2bced3b\" data-element_type=\"widget\" data-widget_type=\"text-editor.default\">\n\t\t\t\t<div class=\"elementor-widget-container\">\n\t\t\t\t\t\t\t<p>O termo Dover ou &#8216;n\u00f3s&#8217; se refere ao propriet\u00e1rio do site, cujo escrit\u00f3rio registrado \u00e9 145 St Vincent Street Glasgow, G2 5JF. Nosso n\u00famero de registro da empresa \u00e9 SC663205, registrado na Esc\u00f3cia.<\/p>\n<p>\u00a0<\/p>\n<p>O termo &#8216;voc\u00ea&#8217; se refere ao usu\u00e1rio ou espectador do nosso site. O uso deste site est\u00e1 sujeito aos seguintes termos de uso:<\/p>\n<p>\u00a0<\/p>\n<ul>\n<li>O conte\u00fado das p\u00e1ginas deste site \u00e9 apenas para sua informa\u00e7\u00e3o geral e uso. Est\u00e1 sujeito a altera\u00e7\u00f5es sem aviso pr\u00e9vio.<br \/><br \/><\/li>\n<li>Este site usa cookies para monitorar prefer\u00eancias de navega\u00e7\u00e3o.<br \/><br \/><\/li>\n<li>Nem n\u00f3s nem quaisquer terceiros fornecemos qualquer garantia ou garantia quanto \u00e0 precis\u00e3o, pontualidade, desempenho, completude ou adequa\u00e7\u00e3o das informa\u00e7\u00f5es e materiais encontrados ou oferecidos neste site para qualquer finalidade espec\u00edfica. Voc\u00ea reconhece que tais informa\u00e7\u00f5es e materiais podem conter imprecis\u00f5es ou erros e exclu\u00edmos expressamente a responsabilidade por quaisquer imprecis\u00f5es ou erros, na medida m\u00e1xima permitida por lei.<br \/><br \/><\/li>\n<li>Seu uso de qualquer informa\u00e7\u00e3o ou materiais neste site \u00e9 inteiramente por sua conta e risco, para o qual n\u00e3o seremos respons\u00e1veis. Ser\u00e1 de sua pr\u00f3pria responsabilidade garantir que quaisquer produtos, servi\u00e7os ou informa\u00e7\u00f5es dispon\u00edveis atrav\u00e9s deste site atendam aos seus requisitos espec\u00edficos.<br \/><br \/><\/li>\n<li>Este site cont\u00e9m material que \u00e9 de propriedade ou licenciado para n\u00f3s. Este material inclui, mas n\u00e3o est\u00e1 limitado a, o design, layout, apar\u00eancia e gr\u00e1ficos. A reprodu\u00e7\u00e3o \u00e9 proibida, exceto de acordo com o aviso de direitos autorais, que faz parte destes termos e condi\u00e7\u00f5es.<br \/><br \/><\/li>\n<li>Todas as marcas registradas reproduzidas neste site, que n\u00e3o s\u00e3o propriedade do operador ou licenciadas a ele, s\u00e3o reconhecidas no site.<br \/><br \/><\/li>\n<li>O uso n\u00e3o autorizado deste site pode dar origem a uma reivindica\u00e7\u00e3o por danos e\/ou ser considerado uma infra\u00e7\u00e3o criminal.<br \/><br \/><\/li>\n<li>De tempos em tempos, este site pode incluir links para outros sites. Esses links s\u00e3o fornecidos para sua conveni\u00eancia para fornecer informa\u00e7\u00f5es adicionais. Eles n\u00e3o significam que endossamos o(s) site(s). N\u00e3o temos responsabilidade pelo conte\u00fado do(s) site(s) vinculado(s).<\/li>\n<li>Seu uso deste site e qualquer disputa decorrente desse uso do site est\u00e1 sujeito \u00e0s leis da Inglaterra, Irlanda do Norte, Esc\u00f3cia e Pa\u00eds de Gales.<\/li>\n<\/ul>\t\t\t\t\t\t<\/div>\n\t\t\t\t<\/div>\n\t\t\t\t<\/div>\n\t\t\t\t<\/div>\n\t\t\t\t\t<\/div>\n\t\t\t\t<\/div>\n\t\t\t\t<\/div>\n\t\t","protected":false},"excerpt":{"rendered":"<p>termos de servi\u00e7o Termos e Condi\u00e7\u00f5es de Uso do Site Bem-vindo ao nosso site. Se voc\u00ea continuar a navegar e usar este site, estar\u00e1 concordando em cumprir e estar vinculado aos seguintes termos e condi\u00e7\u00f5es de uso, que juntamente com nossa pol\u00edtica de privacidade regem a rela\u00e7\u00e3o da Dover com voc\u00ea em rela\u00e7\u00e3o a este [&hellip;]<\/p>\n","protected":false},"author":1,"featured_media":0,"parent":0,"menu_order":0,"comment_status":"closed","ping_status":"closed","template":"","meta":{"footnotes":""},"class_list":["post-2","page","type-page","status-publish","hentry"],"yoast_head":"<!-- This site is optimized with the Yoast SEO plugin v23.2 - https:\/\/yoast.com\/wordpress\/plugins\/seo\/ -->\n<title>Termos de servi\u00e7o - Dover<\/title>\n<meta name=\"robots\" content=\"index, follow, max-snippet:-1, max-image-preview:large, max-video-preview:-1\" \/>\n<link rel=\"canonical\" href=\"https:\/\/dovermedios.com\/pt\/termos-de-servico\/\" \/>\n<meta property=\"og:locale\" content=\"en_US\" \/>\n<meta property=\"og:type\" content=\"article\" \/>\n<meta property=\"og:title\" content=\"Termos de servi\u00e7o - Dover\" \/>\n<meta property=\"og:description\" content=\"termos de servi\u00e7o Termos e Condi\u00e7\u00f5es de Uso do Site Bem-vindo ao nosso site. Se voc\u00ea continuar a navegar e usar este site, estar\u00e1 concordando em cumprir e estar vinculado aos seguintes termos e condi\u00e7\u00f5es de uso, que juntamente com nossa pol\u00edtica de privacidade regem a rela\u00e7\u00e3o da Dover com voc\u00ea em rela\u00e7\u00e3o a este [&hellip;]\" \/>\n<meta property=\"og:url\" content=\"https:\/\/dovermedios.com\/pt\/termos-de-servico\/\" \/>\n<meta property=\"og:site_name\" content=\"Dover\" \/>\n<meta property=\"article:modified_time\" content=\"2024-08-02T04:40:57+00:00\" \/>\n<meta name=\"twitter:card\" content=\"summary_large_image\" \/>\n<meta name=\"twitter:label1\" content=\"Est. reading time\" \/>\n\t<meta name=\"twitter:data1\" content=\"2 minutes\" \/>\n<script type=\"application\/ld+json\" class=\"yoast-schema-graph\">{\"@context\":\"https:\/\/schema.org\",\"@graph\":[{\"@type\":\"WebPage\",\"@id\":\"https:\/\/dovermedios.com\/pt\/termos-de-servico\/\",\"url\":\"https:\/\/dovermedios.com\/pt\/termos-de-servico\/\",\"name\":\"Termos de servi\u00e7o - Dover\",\"isPartOf\":{\"@id\":\"https:\/\/dovermedios.com\/pt\/#website\"},\"datePublished\":\"2024-07-23T15:47:19+00:00\",\"dateModified\":\"2024-08-02T04:40:57+00:00\",\"breadcrumb\":{\"@id\":\"https:\/\/dovermedios.com\/pt\/termos-de-servico\/#breadcrumb\"},\"inLanguage\":\"en-US\",\"potentialAction\":[{\"@type\":\"ReadAction\",\"target\":[\"https:\/\/dovermedios.com\/pt\/termos-de-servico\/\"]}]},{\"@type\":\"BreadcrumbList\",\"@id\":\"https:\/\/dovermedios.com\/pt\/termos-de-servico\/#breadcrumb\",\"itemListElement\":[{\"@type\":\"ListItem\",\"position\":1,\"name\":\"Home\",\"item\":\"https:\/\/dovermedios.com\/pt\/\"},{\"@type\":\"ListItem\",\"position\":2,\"name\":\"Termos de servi\u00e7o\"}]},{\"@type\":\"WebSite\",\"@id\":\"https:\/\/dovermedios.com\/pt\/#website\",\"url\":\"https:\/\/dovermedios.com\/pt\/\",\"name\":\"Dover\",\"description\":\"Somos una agencia que trasciende medios\",\"publisher\":{\"@id\":\"https:\/\/dovermedios.com\/pt\/#organization\"},\"potentialAction\":[{\"@type\":\"SearchAction\",\"target\":{\"@type\":\"EntryPoint\",\"urlTemplate\":\"https:\/\/dovermedios.com\/pt\/?s={search_term_string}\"},\"query-input\":\"required name=search_term_string\"}],\"inLanguage\":\"en-US\"},{\"@type\":\"Organization\",\"@id\":\"https:\/\/dovermedios.com\/pt\/#organization\",\"name\":\"Dover\",\"url\":\"https:\/\/dovermedios.com\/pt\/\",\"logo\":{\"@type\":\"ImageObject\",\"inLanguage\":\"en-US\",\"@id\":\"https:\/\/dovermedios.com\/pt\/#\/schema\/logo\/image\/\",\"url\":\"\",\"contentUrl\":\"\",\"caption\":\"Dover\"},\"image\":{\"@id\":\"https:\/\/dovermedios.com\/pt\/#\/schema\/logo\/image\/\"}}]}<\/script>\n<!-- \/ Yoast SEO plugin. -->","yoast_head_json":{"title":"Termos de servi\u00e7o - Dover","robots":{"index":"index","follow":"follow","max-snippet":"max-snippet:-1","max-image-preview":"max-image-preview:large","max-video-preview":"max-video-preview:-1"},"canonical":"https:\/\/dovermedios.com\/pt\/termos-de-servico\/","og_locale":"en_US","og_type":"article","og_title":"Termos de servi\u00e7o - Dover","og_description":"termos de servi\u00e7o Termos e Condi\u00e7\u00f5es de Uso do Site Bem-vindo ao nosso site. Se voc\u00ea continuar a navegar e usar este site, estar\u00e1 concordando em cumprir e estar vinculado aos seguintes termos e condi\u00e7\u00f5es de uso, que juntamente com nossa pol\u00edtica de privacidade regem a rela\u00e7\u00e3o da Dover com voc\u00ea em rela\u00e7\u00e3o a este [&hellip;]","og_url":"https:\/\/dovermedios.com\/pt\/termos-de-servico\/","og_site_name":"Dover","article_modified_time":"2024-08-02T04:40:57+00:00","twitter_card":"summary_large_image","twitter_misc":{"Est. reading time":"2 minutes"},"schema":{"@context":"https:\/\/schema.org","@graph":[{"@type":"WebPage","@id":"https:\/\/dovermedios.com\/pt\/termos-de-servico\/","url":"https:\/\/dovermedios.com\/pt\/termos-de-servico\/","name":"Termos de servi\u00e7o - Dover","isPartOf":{"@id":"https:\/\/dovermedios.com\/pt\/#website"},"datePublished":"2024-07-23T15:47:19+00:00","dateModified":"2024-08-02T04:40:57+00:00","breadcrumb":{"@id":"https:\/\/dovermedios.com\/pt\/termos-de-servico\/#breadcrumb"},"inLanguage":"en-US","potentialAction":[{"@type":"ReadAction","target":["https:\/\/dovermedios.com\/pt\/termos-de-servico\/"]}]},{"@type":"BreadcrumbList","@id":"https:\/\/dovermedios.com\/pt\/termos-de-servico\/#breadcrumb","itemListElement":[{"@type":"ListItem","position":1,"name":"Home","item":"https:\/\/dovermedios.com\/pt\/"},{"@type":"ListItem","position":2,"name":"Termos de servi\u00e7o"}]},{"@type":"WebSite","@id":"https:\/\/dovermedios.com\/pt\/#website","url":"https:\/\/dovermedios.com\/pt\/","name":"Dover","description":"Somos una agencia que trasciende medios","publisher":{"@id":"https:\/\/dovermedios.com\/pt\/#organization"},"potentialAction":[{"@type":"SearchAction","target":{"@type":"EntryPoint","urlTemplate":"https:\/\/dovermedios.com\/pt\/?s={search_term_string}"},"query-input":"required name=search_term_string"}],"inLanguage":"en-US"},{"@type":"Organization","@id":"https:\/\/dovermedios.com\/pt\/#organization","name":"Dover","url":"https:\/\/dovermedios.com\/pt\/","logo":{"@type":"ImageObject","inLanguage":"en-US","@id":"https:\/\/dovermedios.com\/pt\/#\/schema\/logo\/image\/","url":"","contentUrl":"","caption":"Dover"},"image":{"@id":"https:\/\/dovermedios.com\/pt\/#\/schema\/logo\/image\/"}}]}},"_links":{"self":[{"href":"https:\/\/dovermedios.com\/pt\/wp-json\/wp\/v2\/pages\/2"}],"collection":[{"href":"https:\/\/dovermedios.com\/pt\/wp-json\/wp\/v2\/pages"}],"about":[{"href":"https:\/\/dovermedios.com\/pt\/wp-json\/wp\/v2\/types\/page"}],"author":[{"embeddable":true,"href":"https:\/\/dovermedios.com\/pt\/wp-json\/wp\/v2\/users\/1"}],"replies":[{"embeddable":true,"href":"https:\/\/dovermedios.com\/pt\/wp-json\/wp\/v2\/comments?post=2"}],"version-history":[{"count":0,"href":"https:\/\/dovermedios.com\/pt\/wp-json\/wp\/v2\/pages\/2\/revisions"}],"wp:attachment":[{"href":"https:\/\/dovermedios.com\/pt\/wp-json\/wp\/v2\/media?parent=2"}],"curies":[{"name":"wp","href":"https:\/\/api.w.org\/{rel}","templated":true}]}}